{"id":405,"date":"2022-01-12T16:08:17","date_gmt":"2022-01-12T15:08:17","guid":{"rendered":"https:\/\/www.aigoldenvisa.com\/?page_id=405"},"modified":"2022-01-27T16:17:30","modified_gmt":"2022-01-27T15:17:30","slug":"about-us","status":"publish","type":"page","link":"https:\/\/www.aigoldenvisa.com\/en\/about-us\/","title":{"rendered":"about us"},"content":{"rendered":"\t\t<div data-elementor-type=\"wp-page\" data-elementor-id=\"405\" class=\"elementor elementor-405\">\n\t\t\t\t\t\t<div class=\"elementor-inner\">\n\t\t\t\t<div class=\"elementor-section-wrap\">\n\t\t\t\t\t\t\t\t\t<section class=\"elementor-section elementor-top-section elementor-element elementor-element-6c9db599 elementor-section-full_width elementor-section-height-min-height elementor-section-items-stretch elementor-section-height-default\" data-id=\"6c9db599\" data-element_type=\"section\" data-settings=\"{&quot;background_background&quot;:&quot;classic&quot;}\">\n\t\t\t\t\t\t<div class=\"elementor-container elementor-column-gap-no\">\n\t\t\t\t\t\t\t<div class=\"elementor-row\">\n\t\t\t\t\t<div class=\"elementor-column elementor-col-50 elementor-top-column elementor-element elementor-element-609dba63\" data-id=\"609dba63\" data-element_type=\"column\">\n\t\t\t<div class=\"elementor-column-wrap elementor-element-populated\">\n\t\t\t\t\t\t\t<div class=\"elementor-widget-wrap\">\n\t\t\t\t\t\t<div class=\"elementor-element elementor-element-9ca13d7 elementor-widget__width-initial elementor-view-default elementor-vertical-align-top elementor-widget elementor-widget-icon-box\" data-id=\"9ca13d7\" data-element_type=\"widget\" data-widget_type=\"icon-box.default\">\n\t\t\t\t<div class=\"elementor-widget-container\">\n\t\t\t\t\t<div class=\"elementor-icon-box-wrapper\">\n\t\t\t\t\t\t<div class=\"elementor-icon-box-content\">\n\t\t\t\t<h1 class=\"elementor-icon-box-title\">\n\t\t\t\t\t<span  >\n\t\t\t\t\t\tabout us\t\t\t\t\t<\/span>\n\t\t\t\t<\/h1>\n\t\t\t\t\t\t\t<\/div>\n\t\t<\/div>\n\t\t\t\t<\/div>\n\t\t\t\t<\/div>\n\t\t\t\t\t\t<\/div>\n\t\t\t\t\t<\/div>\n\t\t<\/div>\n\t\t\t\t<div class=\"elementor-column elementor-col-50 elementor-top-column elementor-element elementor-element-1890884a\" data-id=\"1890884a\" data-element_type=\"column\" data-settings=\"{&quot;background_background&quot;:&quot;classic&quot;}\">\n\t\t\t<div class=\"elementor-column-wrap elementor-element-populated\">\n\t\t\t\t\t\t\t<div class=\"elementor-widget-wrap\">\n\t\t\t\t\t\t<div class=\"elementor-element elementor-element-72b32d4c elementor-widget elementor-widget-image\" data-id=\"72b32d4c\" data-element_type=\"widget\" data-settings=\"{&quot;motion_fx_motion_fx_scrolling&quot;:&quot;yes&quot;,&quot;motion_fx_translateY_effect&quot;:&quot;yes&quot;,&quot;motion_fx_translateY_direction&quot;:&quot;negative&quot;,&quot;motion_fx_translateY_affectedRange&quot;:{&quot;unit&quot;:&quot;%&quot;,&quot;size&quot;:&quot;&quot;,&quot;sizes&quot;:{&quot;start&quot;:50,&quot;end&quot;:100}},&quot;motion_fx_devices&quot;:[&quot;desktop&quot;],&quot;motion_fx_translateY_speed&quot;:{&quot;unit&quot;:&quot;px&quot;,&quot;size&quot;:4,&quot;sizes&quot;:[]}}\" data-widget_type=\"image.default\">\n\t\t\t\t<div class=\"elementor-widget-container\">\n\t\t\t\t\t\t\t\t<div class=\"elementor-image\">\n\t\t\t\t\t\t\t\t\t\t\t\t<img decoding=\"async\" width=\"1010\" height=\"803\" src=\"https:\/\/www.aigoldenvisa.com\/wp-content\/uploads\/about-us-end.png\" class=\"attachment-full size-full wp-image-916\" alt=\"\" loading=\"lazy\" srcset=\"https:\/\/www.aigoldenvisa.com\/wp-content\/uploads\/about-us-end.png 1010w, https:\/\/www.aigoldenvisa.com\/wp-content\/uploads\/about-us-end-300x239.png 300w, https:\/\/www.aigoldenvisa.com\/wp-content\/uploads\/about-us-end-768x611.png 768w\" sizes=\"(max-width: 1010px) 100vw, 1010px\" \/>\t\t\t\t\t\t\t\t\t\t\t\t\t\t<\/div>\n\t\t\t\t\t\t<\/div>\n\t\t\t\t<\/div>\n\t\t\t\t\t\t<\/div>\n\t\t\t\t\t<\/div>\n\t\t<\/div>\n\t\t\t\t\t\t\t\t<\/div>\n\t\t\t\t\t<\/div>\n\t\t<\/section>\n\t\t\t\t<section class=\"elementor-section elementor-top-section elementor-element elementor-element-3bb40a09 elementor-section-full_width elementor-section-height-min-height elementor-section-height-default elementor-section-items-middle\" data-id=\"3bb40a09\" data-element_type=\"section\" data-settings=\"{&quot;background_background&quot;:&quot;classic&quot;}\">\n\t\t\t\t\t\t\t<div class=\"elementor-background-overlay\"><\/div>\n\t\t\t\t\t\t\t<div class=\"elementor-container elementor-column-gap-no\">\n\t\t\t\t\t\t\t<div class=\"elementor-row\">\n\t\t\t\t\t<div class=\"elementor-column elementor-col-50 elementor-top-column elementor-element elementor-element-d0006bf\" data-id=\"d0006bf\" data-element_type=\"column\">\n\t\t\t<div class=\"elementor-column-wrap elementor-element-populated\">\n\t\t\t\t\t\t\t<div class=\"elementor-widget-wrap\">\n\t\t\t\t\t\t<div class=\"elementor-element elementor-element-27b848d1 elementor-widget elementor-widget-heading\" data-id=\"27b848d1\" data-element_type=\"widget\" data-widget_type=\"heading.default\">\n\t\t\t\t<div class=\"elementor-widget-container\">\n\t\t\t<h2 class=\"elementor-heading-title elementor-size-default\">Golden Visa Greece<\/h2>\t\t<\/div>\n\t\t\t\t<\/div>\n\t\t\t\t<div class=\"elementor-element elementor-element-5a349541 elementor-widget elementor-widget-text-editor\" data-id=\"5a349541\" data-element_type=\"widget\" data-widget_type=\"text-editor.default\">\n\t\t\t\t<div class=\"elementor-widget-container\">\n\t\t\t\t\t\t\t\t<div class=\"elementor-text-editor elementor-clearfix\">\n\t\t\t\tB&#038;O Advisory ist ein unabh\u00e4ngiges Beratungsunternehmen mit Sitz in Athen, Griechenland, das gegr\u00fcndet wurde, um Investoren bei der Umsetzung ihrer Investitionspl\u00e4ne in Griechenland und beim Erwerb des griechischen Goldenen Visums zu unterst\u00fctzen. B&#038;O besteht aus talentierten Rechts-, Finanz-, Immobilien- und Verm\u00f6gensverwaltungsexperten, die Experten auf ihrem Gebiet sind. Unser funktions\u00fcbergreifendes Team bei B&#038;O arbeitet mit Hingabe daran, unseren Kunden au\u00dfergew\u00f6hnliche End-to-End-Services zu bieten und die besten Optionen f\u00fcr die spezifischen Bed\u00fcrfnisse jedes Anlegers anzubieten. Unsere Mission ist es, Investoren durch jeden Schritt des Prozesses zu f\u00fchren und dabei zu helfen, ihre Vision Wirklichkeit werden zu lassen.\t\t\t\t\t<\/div>\n\t\t\t\t\t\t<\/div>\n\t\t\t\t<\/div>\n\t\t\t\t\t\t<\/div>\n\t\t\t\t\t<\/div>\n\t\t<\/div>\n\t\t\t\t<div class=\"elementor-column elementor-col-50 elementor-top-column elementor-element elementor-element-37327d87\" data-id=\"37327d87\" data-element_type=\"column\">\n\t\t\t<div class=\"elementor-column-wrap elementor-element-populated\">\n\t\t\t\t\t\t\t<div class=\"elementor-widget-wrap\">\n\t\t\t\t\t\t<div class=\"elementor-element elementor-element-a478af6 elementor-widget elementor-widget-heading\" data-id=\"a478af6\" data-element_type=\"widget\" data-widget_type=\"heading.default\">\n\t\t\t\t<div class=\"elementor-widget-container\">\n\t\t\t<h2 class=\"elementor-heading-title elementor-size-default\">Was ist das Goldene Visum\nCreece-Programm?<\/h2>\t\t<\/div>\n\t\t\t\t<\/div>\n\t\t\t\t<div class=\"elementor-element elementor-element-4a41741b elementor-widget elementor-widget-text-editor\" data-id=\"4a41741b\" data-element_type=\"widget\" data-widget_type=\"text-editor.default\">\n\t\t\t\t<div class=\"elementor-widget-container\">\n\t\t\t\t\t\t\t\t<div class=\"elementor-text-editor elementor-clearfix\">\n\t\t\t\tDas Goldene Visum ist ein Programm, das es Nicht-EU-B\u00fcrgern erm\u00f6glicht, durch Investition eine Aufenthaltserlaubnis in Griechenland zu erwerben. Diese Nicht-EU-B\u00fcrger und ihre Familienangeh\u00f6rigen erhalten eine Aufenthaltserlaubnis, nachdem sie eine Immobilie in Griechenland gekauft haben, deren Wert mindestens 250.000 Euro betr\u00e4gt.\nDas Programm basiert auf dem Einwanderungs- und Sozialintegrationsgesetz (Gesetz Nr. 4251\/2014, Staatsanzeiger 1, Nr. 80), das den Aufenthalt von Drittstaatsb\u00fcrgern erm\u00f6glicht, die Investitionen t\u00e4tigen, die als strategische Investitionen gekennzeichnet sind, da es erweiterte Angebote macht Aufenthaltsfristen f\u00fcr die Vertreter von Investitionseinrichtungen und deren Partner.\t\t\t\t\t<\/div>\n\t\t\t\t\t\t<\/div>\n\t\t\t\t<\/div>\n\t\t\t\t\t\t<\/div>\n\t\t\t\t\t<\/div>\n\t\t<\/div>\n\t\t\t\t\t\t\t\t<\/div>\n\t\t\t\t\t<\/div>\n\t\t<\/section>\n\t\t\t\t\t\t\t\t\t<\/div>\n\t\t\t<\/div>\n\t\t\t\t\t<\/div>\n\t\t","protected":false},"excerpt":{"rendered":"<p>about us Golden Visa Greece B&#038;O Advisory ist ein unabh\u00e4ngiges Beratungsunternehmen mit Sitz in Athen, Griechenland, das gegr\u00fcndet wurde, um Investoren bei der Umsetzung ihrer Investitionspl\u00e4ne in Griechenland und beim Erwerb des griechischen Goldenen Visums zu unterst\u00fctzen. B&#038;O besteht aus talentierten Rechts-, Finanz-, Immobilien- und Verm\u00f6gensverwaltungsexperten, die Experten auf ihrem Gebiet sind. Unser funktions\u00fcbergreifendes Team [&hellip;]<\/p>\n","protected":false},"author":1,"featured_media":0,"parent":0,"menu_order":0,"comment_status":"closed","ping_status":"closed","template":"","meta":{"inline_featured_image":false},"_links":{"self":[{"href":"https:\/\/www.aigoldenvisa.com\/en\/wp-json\/wp\/v2\/pages\/405"}],"collection":[{"href":"https:\/\/www.aigoldenvisa.com\/en\/wp-json\/wp\/v2\/pages"}],"about":[{"href":"https:\/\/www.aigoldenvisa.com\/en\/wp-json\/wp\/v2\/types\/page"}],"author":[{"embeddable":true,"href":"https:\/\/www.aigoldenvisa.com\/en\/wp-json\/wp\/v2\/users\/1"}],"replies":[{"embeddable":true,"href":"https:\/\/www.aigoldenvisa.com\/en\/wp-json\/wp\/v2\/comments?post=405"}],"version-history":[{"count":11,"href":"https:\/\/www.aigoldenvisa.com\/en\/wp-json\/wp\/v2\/pages\/405\/revisions"}],"predecessor-version":[{"id":1485,"href":"https:\/\/www.aigoldenvisa.com\/en\/wp-json\/wp\/v2\/pages\/405\/revisions\/1485"}],"wp:attachment":[{"href":"https:\/\/www.aigoldenvisa.com\/en\/wp-json\/wp\/v2\/media?parent=405"}],"curies":[{"name":"wp","href":"https:\/\/api.w.org\/{rel}","templated":true}]}}